{"id":2525,"date":"2024-09-11T23:51:32","date_gmt":"2024-09-12T02:51:32","guid":{"rendered":"https:\/\/thermochile.cl\/tcs\/?post_type=product&#038;p=2525"},"modified":"2024-09-13T22:52:39","modified_gmt":"2024-09-14T01:52:39","slug":"plato-de-valvula-compresor-x430","status":"publish","type":"product","link":"https:\/\/thermochile.cl\/tcs\/product\/plato-de-valvula-compresor-x430\/","title":{"rendered":"Plato de V\u00e1lvula Compresor X430"},"content":{"rendered":"<p>Descripci\u00f3n Plato de V\u00e1lvula Compresor X430<\/p>\n","protected":false},"excerpt":{"rendered":"<p>Descripci\u00f3n Plato de V\u00e1lvula Compresor X430<\/p>\n","protected":false},"featured_media":2526,"comment_status":"open","ping_status":"closed","template":"","meta":{"_acf_changed":false,"_siteseo_robots_primary_cat":"none","om_disable_all_campaigns":false,"_monsterinsights_skip_tracking":false,"_monsterinsights_sitenote_active":false,"_monsterinsights_sitenote_note":"","_monsterinsights_sitenote_category":0,"_uf_show_specific_survey":0,"_uf_disable_surveys":false},"product_brand":[],"product_cat":[38],"product_tag":[44,54,46,55,45],"class_list":{"0":"post-2525","1":"product","2":"type-product","3":"status-publish","4":"has-post-thumbnail","6":"product_cat-compresor","7":"product_tag-compresor","8":"product_tag-plato","9":"product_tag-thermo-king","10":"product_tag-valvula","11":"product_tag-x430","13":"first","14":"instock","15":"taxable","16":"shipping-taxable","17":"product-type-simple"},"acf":[],"aioseo_notices":[],"jetpack_sharing_enabled":true,"_links":{"self":[{"href":"https:\/\/thermochile.cl\/tcs\/wp-json\/wp\/v2\/product\/2525","targetHints":{"allow":["GET"]}}],"collection":[{"href":"https:\/\/thermochile.cl\/tcs\/wp-json\/wp\/v2\/product"}],"about":[{"href":"https:\/\/thermochile.cl\/tcs\/wp-json\/wp\/v2\/types\/product"}],"replies":[{"embeddable":true,"href":"https:\/\/thermochile.cl\/tcs\/wp-json\/wp\/v2\/comments?post=2525"}],"wp:featuredmedia":[{"embeddable":true,"href":"https:\/\/thermochile.cl\/tcs\/wp-json\/wp\/v2\/media\/2526"}],"wp:attachment":[{"href":"https:\/\/thermochile.cl\/tcs\/wp-json\/wp\/v2\/media?parent=2525"}],"wp:term":[{"taxonomy":"product_brand","embeddable":true,"href":"https:\/\/thermochile.cl\/tcs\/wp-json\/wp\/v2\/product_brand?post=2525"},{"taxonomy":"product_cat","embeddable":true,"href":"https:\/\/thermochile.cl\/tcs\/wp-json\/wp\/v2\/product_cat?post=2525"},{"taxonomy":"product_tag","embeddable":true,"href":"https:\/\/thermochile.cl\/tcs\/wp-json\/wp\/v2\/product_tag?post=2525"}],"curies":[{"name":"wp","href":"https:\/\/api.w.org\/{rel}","templated":true}]}}