{"id":2537,"date":"2024-09-13T18:59:29","date_gmt":"2024-09-13T21:59:29","guid":{"rendered":"https:\/\/thermochile.cl\/tcs\/?post_type=product&#038;p=2537"},"modified":"2024-09-13T23:05:20","modified_gmt":"2024-09-14T02:05:20","slug":"kit-reparacion-bomba-de-aceite-compresor","status":"publish","type":"product","link":"https:\/\/thermochile.cl\/tcs\/product\/kit-reparacion-bomba-de-aceite-compresor\/","title":{"rendered":"Kit Reparaci\u00f3n Bomba de Aceite Compresor"},"content":{"rendered":"<p>Descripci\u00f3n Kit Reparaci\u00f3n Bomba de Aceite Compresor<\/p>\n","protected":false},"excerpt":{"rendered":"<p>Descripci\u00f3n Kit Reparaci\u00f3n Bomba de Aceite Compresor<\/p>\n","protected":false},"featured_media":2538,"comment_status":"open","ping_status":"closed","template":"","meta":{"_acf_changed":false,"_siteseo_robots_primary_cat":"none","om_disable_all_campaigns":false,"_monsterinsights_skip_tracking":false,"_monsterinsights_sitenote_active":false,"_monsterinsights_sitenote_note":"","_monsterinsights_sitenote_category":0,"_uf_show_specific_survey":0,"_uf_disable_surveys":false},"product_brand":[],"product_cat":[38],"product_tag":[51,60,44,59,61,62,46],"class_list":{"0":"post-2537","1":"product","2":"type-product","3":"status-publish","4":"has-post-thumbnail","6":"product_cat-compresor","7":"product_tag-aceite","8":"product_tag-bomba","9":"product_tag-compresor","10":"product_tag-eje","11":"product_tag-kit","12":"product_tag-reparacion","13":"product_tag-thermo-king","15":"first","16":"instock","17":"taxable","18":"shipping-taxable","19":"product-type-simple"},"acf":[],"aioseo_notices":[],"jetpack_sharing_enabled":true,"_links":{"self":[{"href":"https:\/\/thermochile.cl\/tcs\/wp-json\/wp\/v2\/product\/2537","targetHints":{"allow":["GET"]}}],"collection":[{"href":"https:\/\/thermochile.cl\/tcs\/wp-json\/wp\/v2\/product"}],"about":[{"href":"https:\/\/thermochile.cl\/tcs\/wp-json\/wp\/v2\/types\/product"}],"replies":[{"embeddable":true,"href":"https:\/\/thermochile.cl\/tcs\/wp-json\/wp\/v2\/comments?post=2537"}],"wp:featuredmedia":[{"embeddable":true,"href":"https:\/\/thermochile.cl\/tcs\/wp-json\/wp\/v2\/media\/2538"}],"wp:attachment":[{"href":"https:\/\/thermochile.cl\/tcs\/wp-json\/wp\/v2\/media?parent=2537"}],"wp:term":[{"taxonomy":"product_brand","embeddable":true,"href":"https:\/\/thermochile.cl\/tcs\/wp-json\/wp\/v2\/product_brand?post=2537"},{"taxonomy":"product_cat","embeddable":true,"href":"https:\/\/thermochile.cl\/tcs\/wp-json\/wp\/v2\/product_cat?post=2537"},{"taxonomy":"product_tag","embeddable":true,"href":"https:\/\/thermochile.cl\/tcs\/wp-json\/wp\/v2\/product_tag?post=2537"}],"curies":[{"name":"wp","href":"https:\/\/api.w.org\/{rel}","templated":true}]}}