{"id":2561,"date":"2024-09-13T19:28:07","date_gmt":"2024-09-13T22:28:07","guid":{"rendered":"https:\/\/thermochile.cl\/tcs\/?post_type=product&#038;p=2561"},"modified":"2024-09-13T23:02:27","modified_gmt":"2024-09-14T02:02:27","slug":"reten-eje-ventilador","status":"publish","type":"product","link":"https:\/\/thermochile.cl\/tcs\/product\/reten-eje-ventilador\/","title":{"rendered":"Ret\u00e9n Eje Ventilador"},"content":{"rendered":"<p>Descripci\u00f3n Ret\u00e9n Eje Ventilador<\/p>\n","protected":false},"excerpt":{"rendered":"<p>Descripci\u00f3n Ret\u00e9n Eje Ventilador<\/p>\n","protected":false},"featured_media":2562,"comment_status":"open","ping_status":"closed","template":"","meta":{"_acf_changed":false,"_siteseo_robots_primary_cat":"none","om_disable_all_campaigns":false,"_monsterinsights_skip_tracking":false,"_monsterinsights_sitenote_active":false,"_monsterinsights_sitenote_note":"","_monsterinsights_sitenote_category":0,"_uf_show_specific_survey":0,"_uf_disable_surveys":false},"product_brand":[],"product_cat":[38],"product_tag":[44,59,69,46,70],"class_list":{"0":"post-2561","1":"product","2":"type-product","3":"status-publish","4":"has-post-thumbnail","6":"product_cat-compresor","7":"product_tag-compresor","8":"product_tag-eje","9":"product_tag-reten","10":"product_tag-thermo-king","11":"product_tag-ventilador","13":"first","14":"instock","15":"taxable","16":"shipping-taxable","17":"product-type-simple"},"acf":[],"aioseo_notices":[],"jetpack_sharing_enabled":true,"_links":{"self":[{"href":"https:\/\/thermochile.cl\/tcs\/wp-json\/wp\/v2\/product\/2561","targetHints":{"allow":["GET"]}}],"collection":[{"href":"https:\/\/thermochile.cl\/tcs\/wp-json\/wp\/v2\/product"}],"about":[{"href":"https:\/\/thermochile.cl\/tcs\/wp-json\/wp\/v2\/types\/product"}],"replies":[{"embeddable":true,"href":"https:\/\/thermochile.cl\/tcs\/wp-json\/wp\/v2\/comments?post=2561"}],"wp:featuredmedia":[{"embeddable":true,"href":"https:\/\/thermochile.cl\/tcs\/wp-json\/wp\/v2\/media\/2562"}],"wp:attachment":[{"href":"https:\/\/thermochile.cl\/tcs\/wp-json\/wp\/v2\/media?parent=2561"}],"wp:term":[{"taxonomy":"product_brand","embeddable":true,"href":"https:\/\/thermochile.cl\/tcs\/wp-json\/wp\/v2\/product_brand?post=2561"},{"taxonomy":"product_cat","embeddable":true,"href":"https:\/\/thermochile.cl\/tcs\/wp-json\/wp\/v2\/product_cat?post=2561"},{"taxonomy":"product_tag","embeddable":true,"href":"https:\/\/thermochile.cl\/tcs\/wp-json\/wp\/v2\/product_tag?post=2561"}],"curies":[{"name":"wp","href":"https:\/\/api.w.org\/{rel}","templated":true}]}}