{"id":2579,"date":"2024-09-13T20:02:41","date_gmt":"2024-09-13T23:02:41","guid":{"rendered":"https:\/\/thermochile.cl\/tcs\/?post_type=product&#038;p=2579"},"modified":"2024-09-13T23:00:48","modified_gmt":"2024-09-14T02:00:48","slug":"perno-punta-ciguenal","status":"publish","type":"product","link":"https:\/\/thermochile.cl\/tcs\/product\/perno-punta-ciguenal\/","title":{"rendered":"Perno Punta Cig\u00fce\u00f1al"},"content":{"rendered":"<p>Descripci\u00f3n Perno Punta Cig\u00fce\u00f1al<\/p>\n","protected":false},"excerpt":{"rendered":"<p>Descripci\u00f3n Perno Punta Cig\u00fce\u00f1al<\/p>\n","protected":false},"featured_media":2580,"comment_status":"open","ping_status":"closed","template":"","meta":{"_acf_changed":false,"_siteseo_robots_primary_cat":"none","om_disable_all_campaigns":false,"_monsterinsights_skip_tracking":false,"_monsterinsights_sitenote_active":false,"_monsterinsights_sitenote_note":"","_monsterinsights_sitenote_category":0,"_uf_show_specific_survey":0,"_uf_disable_surveys":false},"product_brand":[],"product_cat":[38],"product_tag":[56,44,77,75,46],"class_list":{"0":"post-2579","1":"product","2":"type-product","3":"status-publish","4":"has-post-thumbnail","6":"product_cat-compresor","7":"product_tag-ciguenal","8":"product_tag-compresor","9":"product_tag-perno","10":"product_tag-punta","11":"product_tag-thermo-king","13":"first","14":"instock","15":"taxable","16":"shipping-taxable","17":"product-type-simple"},"acf":[],"aioseo_notices":[],"jetpack_sharing_enabled":true,"_links":{"self":[{"href":"https:\/\/thermochile.cl\/tcs\/wp-json\/wp\/v2\/product\/2579","targetHints":{"allow":["GET"]}}],"collection":[{"href":"https:\/\/thermochile.cl\/tcs\/wp-json\/wp\/v2\/product"}],"about":[{"href":"https:\/\/thermochile.cl\/tcs\/wp-json\/wp\/v2\/types\/product"}],"replies":[{"embeddable":true,"href":"https:\/\/thermochile.cl\/tcs\/wp-json\/wp\/v2\/comments?post=2579"}],"wp:featuredmedia":[{"embeddable":true,"href":"https:\/\/thermochile.cl\/tcs\/wp-json\/wp\/v2\/media\/2580"}],"wp:attachment":[{"href":"https:\/\/thermochile.cl\/tcs\/wp-json\/wp\/v2\/media?parent=2579"}],"wp:term":[{"taxonomy":"product_brand","embeddable":true,"href":"https:\/\/thermochile.cl\/tcs\/wp-json\/wp\/v2\/product_brand?post=2579"},{"taxonomy":"product_cat","embeddable":true,"href":"https:\/\/thermochile.cl\/tcs\/wp-json\/wp\/v2\/product_cat?post=2579"},{"taxonomy":"product_tag","embeddable":true,"href":"https:\/\/thermochile.cl\/tcs\/wp-json\/wp\/v2\/product_tag?post=2579"}],"curies":[{"name":"wp","href":"https:\/\/api.w.org\/{rel}","templated":true}]}}