{"id":2610,"date":"2024-09-15T20:12:02","date_gmt":"2024-09-15T23:12:02","guid":{"rendered":"https:\/\/thermochile.cl\/tcs\/?post_type=product&#038;p=2610"},"modified":"2024-09-15T20:12:02","modified_gmt":"2024-09-15T23:12:02","slug":"rodamiento-compresor-ciguenal-ancho","status":"publish","type":"product","link":"https:\/\/thermochile.cl\/tcs\/product\/rodamiento-compresor-ciguenal-ancho\/","title":{"rendered":"Rodamiento Compresor Cig\u00fce\u00f1al Ancho"},"content":{"rendered":"<p>Descripci\u00f3n Rodamiento Compresor Cig\u00fce\u00f1al Ancho<\/p>\n","protected":false},"excerpt":{"rendered":"<p>Descripci\u00f3n Rodamiento Compresor Cig\u00fce\u00f1al Ancho<\/p>\n","protected":false},"featured_media":2611,"comment_status":"open","ping_status":"closed","template":"","meta":{"_acf_changed":false,"_siteseo_robots_primary_cat":"none","om_disable_all_campaigns":false,"_monsterinsights_skip_tracking":false,"_monsterinsights_sitenote_active":false,"_monsterinsights_sitenote_note":"","_monsterinsights_sitenote_category":0,"_uf_show_specific_survey":0,"_uf_disable_surveys":false},"product_brand":[],"product_cat":[38],"product_tag":[57,56,44,64,46],"class_list":{"0":"post-2610","1":"product","2":"type-product","3":"status-publish","4":"has-post-thumbnail","6":"product_cat-compresor","7":"product_tag-ancho","8":"product_tag-ciguenal","9":"product_tag-compresor","10":"product_tag-rodamiento","11":"product_tag-thermo-king","13":"first","14":"instock","15":"taxable","16":"shipping-taxable","17":"product-type-simple"},"acf":[],"aioseo_notices":[],"jetpack_sharing_enabled":true,"_links":{"self":[{"href":"https:\/\/thermochile.cl\/tcs\/wp-json\/wp\/v2\/product\/2610","targetHints":{"allow":["GET"]}}],"collection":[{"href":"https:\/\/thermochile.cl\/tcs\/wp-json\/wp\/v2\/product"}],"about":[{"href":"https:\/\/thermochile.cl\/tcs\/wp-json\/wp\/v2\/types\/product"}],"replies":[{"embeddable":true,"href":"https:\/\/thermochile.cl\/tcs\/wp-json\/wp\/v2\/comments?post=2610"}],"wp:featuredmedia":[{"embeddable":true,"href":"https:\/\/thermochile.cl\/tcs\/wp-json\/wp\/v2\/media\/2611"}],"wp:attachment":[{"href":"https:\/\/thermochile.cl\/tcs\/wp-json\/wp\/v2\/media?parent=2610"}],"wp:term":[{"taxonomy":"product_brand","embeddable":true,"href":"https:\/\/thermochile.cl\/tcs\/wp-json\/wp\/v2\/product_brand?post=2610"},{"taxonomy":"product_cat","embeddable":true,"href":"https:\/\/thermochile.cl\/tcs\/wp-json\/wp\/v2\/product_cat?post=2610"},{"taxonomy":"product_tag","embeddable":true,"href":"https:\/\/thermochile.cl\/tcs\/wp-json\/wp\/v2\/product_tag?post=2610"}],"curies":[{"name":"wp","href":"https:\/\/api.w.org\/{rel}","templated":true}]}}