{"id":2729,"date":"2024-09-16T11:14:17","date_gmt":"2024-09-16T14:14:17","guid":{"rendered":"https:\/\/thermochile.cl\/tcs\/?post_type=product&#038;p=2729"},"modified":"2024-09-16T11:14:17","modified_gmt":"2024-09-16T14:14:17","slug":"kit-de-reparacion-polea-tensora","status":"publish","type":"product","link":"https:\/\/thermochile.cl\/tcs\/product\/kit-de-reparacion-polea-tensora\/","title":{"rendered":"Kit de Reparaci\u00f3n Polea Tensora"},"content":{"rendered":"<p>Descripci\u00f3n Kit de Reparaci\u00f3n Polea Tensora<\/p>\n","protected":false},"excerpt":{"rendered":"<p>Descripci\u00f3n Kit de Reparaci\u00f3n Polea Tensora<\/p>\n","protected":false},"featured_media":2730,"comment_status":"open","ping_status":"closed","template":"","meta":{"_acf_changed":false,"_siteseo_robots_primary_cat":"none","om_disable_all_campaigns":false,"_monsterinsights_skip_tracking":false,"_monsterinsights_sitenote_active":false,"_monsterinsights_sitenote_note":"","_monsterinsights_sitenote_category":0,"_uf_show_specific_survey":0,"_uf_disable_surveys":false},"product_brand":[],"product_cat":[101],"product_tag":[59,112,106,103,104,46],"class_list":{"0":"post-2729","1":"product","2":"type-product","3":"status-publish","4":"has-post-thumbnail","6":"product_cat-poleas-y-ejes","7":"product_tag-eje","8":"product_tag-kit-reparacion","9":"product_tag-polea","10":"product_tag-poleas","11":"product_tag-tensora","12":"product_tag-thermo-king","14":"first","15":"instock","16":"taxable","17":"shipping-taxable","18":"product-type-simple"},"acf":[],"aioseo_notices":[],"jetpack_sharing_enabled":true,"_links":{"self":[{"href":"https:\/\/thermochile.cl\/tcs\/wp-json\/wp\/v2\/product\/2729","targetHints":{"allow":["GET"]}}],"collection":[{"href":"https:\/\/thermochile.cl\/tcs\/wp-json\/wp\/v2\/product"}],"about":[{"href":"https:\/\/thermochile.cl\/tcs\/wp-json\/wp\/v2\/types\/product"}],"replies":[{"embeddable":true,"href":"https:\/\/thermochile.cl\/tcs\/wp-json\/wp\/v2\/comments?post=2729"}],"wp:featuredmedia":[{"embeddable":true,"href":"https:\/\/thermochile.cl\/tcs\/wp-json\/wp\/v2\/media\/2730"}],"wp:attachment":[{"href":"https:\/\/thermochile.cl\/tcs\/wp-json\/wp\/v2\/media?parent=2729"}],"wp:term":[{"taxonomy":"product_brand","embeddable":true,"href":"https:\/\/thermochile.cl\/tcs\/wp-json\/wp\/v2\/product_brand?post=2729"},{"taxonomy":"product_cat","embeddable":true,"href":"https:\/\/thermochile.cl\/tcs\/wp-json\/wp\/v2\/product_cat?post=2729"},{"taxonomy":"product_tag","embeddable":true,"href":"https:\/\/thermochile.cl\/tcs\/wp-json\/wp\/v2\/product_tag?post=2729"}],"curies":[{"name":"wp","href":"https:\/\/api.w.org\/{rel}","templated":true}]}}