{"id":2793,"date":"2024-10-05T12:16:47","date_gmt":"2024-10-05T15:16:47","guid":{"rendered":"https:\/\/thermochile.cl\/tcs\/?post_type=product&#038;p=2793"},"modified":"2024-10-05T12:16:47","modified_gmt":"2024-10-05T15:16:47","slug":"klixon-deshielo-electronico","status":"publish","type":"product","link":"https:\/\/thermochile.cl\/tcs\/product\/klixon-deshielo-electronico\/","title":{"rendered":"Klixon Deshielo Electr\u00f3nico"},"content":{"rendered":"<p>Descripci\u00f3n Klixon Deshielo Electr\u00f3nico<\/p>\n","protected":false},"excerpt":{"rendered":"<p>Descripci\u00f3n Klixon Deshielo Electr\u00f3nico<\/p>\n","protected":false},"featured_media":2796,"comment_status":"open","ping_status":"closed","template":"","meta":{"_acf_changed":false,"_siteseo_robots_primary_cat":"none","om_disable_all_campaigns":false,"_monsterinsights_skip_tracking":false,"_monsterinsights_sitenote_active":false,"_monsterinsights_sitenote_note":"","_monsterinsights_sitenote_category":0,"_uf_show_specific_survey":0,"_uf_disable_surveys":false},"product_brand":[],"product_cat":[32],"product_tag":[149,142,150,148,141,46],"class_list":{"0":"post-2793","1":"product","2":"type-product","3":"status-publish","4":"has-post-thumbnail","6":"product_cat-electrical-parts","7":"product_tag-deshielo","8":"product_tag-electricas","9":"product_tag-electronico","10":"product_tag-klixon","11":"product_tag-partes","12":"product_tag-thermo-king","14":"first","15":"instock","16":"taxable","17":"shipping-taxable","18":"product-type-simple"},"acf":[],"aioseo_notices":[],"jetpack_sharing_enabled":true,"_links":{"self":[{"href":"https:\/\/thermochile.cl\/tcs\/wp-json\/wp\/v2\/product\/2793","targetHints":{"allow":["GET"]}}],"collection":[{"href":"https:\/\/thermochile.cl\/tcs\/wp-json\/wp\/v2\/product"}],"about":[{"href":"https:\/\/thermochile.cl\/tcs\/wp-json\/wp\/v2\/types\/product"}],"replies":[{"embeddable":true,"href":"https:\/\/thermochile.cl\/tcs\/wp-json\/wp\/v2\/comments?post=2793"}],"wp:featuredmedia":[{"embeddable":true,"href":"https:\/\/thermochile.cl\/tcs\/wp-json\/wp\/v2\/media\/2796"}],"wp:attachment":[{"href":"https:\/\/thermochile.cl\/tcs\/wp-json\/wp\/v2\/media?parent=2793"}],"wp:term":[{"taxonomy":"product_brand","embeddable":true,"href":"https:\/\/thermochile.cl\/tcs\/wp-json\/wp\/v2\/product_brand?post=2793"},{"taxonomy":"product_cat","embeddable":true,"href":"https:\/\/thermochile.cl\/tcs\/wp-json\/wp\/v2\/product_cat?post=2793"},{"taxonomy":"product_tag","embeddable":true,"href":"https:\/\/thermochile.cl\/tcs\/wp-json\/wp\/v2\/product_tag?post=2793"}],"curies":[{"name":"wp","href":"https:\/\/api.w.org\/{rel}","templated":true}]}}