{"id":2803,"date":"2024-10-05T12:36:01","date_gmt":"2024-10-05T15:36:01","guid":{"rendered":"https:\/\/thermochile.cl\/tcs\/?post_type=product&#038;p=2803"},"modified":"2024-10-05T12:36:01","modified_gmt":"2024-10-05T15:36:01","slug":"calentador-de-aire-admision-tk486","status":"publish","type":"product","link":"https:\/\/thermochile.cl\/tcs\/product\/calentador-de-aire-admision-tk486\/","title":{"rendered":"Calentador de Aire Admisi\u00f3n TK486"},"content":{"rendered":"<p>Descripci\u00f3n Calentador de Aire Admisi\u00f3n TK486<\/p>\n","protected":false},"excerpt":{"rendered":"<p>Descripci\u00f3n Calentador de Aire Admisi\u00f3n TK486<\/p>\n","protected":false},"featured_media":2804,"comment_status":"open","ping_status":"closed","template":"","meta":{"_acf_changed":false,"_siteseo_robots_primary_cat":"none","om_disable_all_campaigns":false,"_monsterinsights_skip_tracking":false,"_monsterinsights_sitenote_active":false,"_monsterinsights_sitenote_note":"","_monsterinsights_sitenote_category":0,"_uf_show_specific_survey":0,"_uf_disable_surveys":false},"product_brand":[],"product_cat":[32],"product_tag":[155,154,142,141,46,98],"class_list":{"0":"post-2803","1":"product","2":"type-product","3":"status-publish","4":"has-post-thumbnail","6":"product_cat-electrical-parts","7":"product_tag-aire","8":"product_tag-calentador","9":"product_tag-electricas","10":"product_tag-partes","11":"product_tag-thermo-king","12":"product_tag-tk486","14":"first","15":"instock","16":"taxable","17":"shipping-taxable","18":"product-type-simple"},"acf":[],"aioseo_notices":[],"jetpack_sharing_enabled":true,"_links":{"self":[{"href":"https:\/\/thermochile.cl\/tcs\/wp-json\/wp\/v2\/product\/2803","targetHints":{"allow":["GET"]}}],"collection":[{"href":"https:\/\/thermochile.cl\/tcs\/wp-json\/wp\/v2\/product"}],"about":[{"href":"https:\/\/thermochile.cl\/tcs\/wp-json\/wp\/v2\/types\/product"}],"replies":[{"embeddable":true,"href":"https:\/\/thermochile.cl\/tcs\/wp-json\/wp\/v2\/comments?post=2803"}],"wp:featuredmedia":[{"embeddable":true,"href":"https:\/\/thermochile.cl\/tcs\/wp-json\/wp\/v2\/media\/2804"}],"wp:attachment":[{"href":"https:\/\/thermochile.cl\/tcs\/wp-json\/wp\/v2\/media?parent=2803"}],"wp:term":[{"taxonomy":"product_brand","embeddable":true,"href":"https:\/\/thermochile.cl\/tcs\/wp-json\/wp\/v2\/product_brand?post=2803"},{"taxonomy":"product_cat","embeddable":true,"href":"https:\/\/thermochile.cl\/tcs\/wp-json\/wp\/v2\/product_cat?post=2803"},{"taxonomy":"product_tag","embeddable":true,"href":"https:\/\/thermochile.cl\/tcs\/wp-json\/wp\/v2\/product_tag?post=2803"}],"curies":[{"name":"wp","href":"https:\/\/api.w.org\/{rel}","templated":true}]}}